{"id":30,"date":"2021-12-08T13:18:52","date_gmt":"2021-12-08T12:18:52","guid":{"rendered":"https:\/\/francokessler.com\/?page_id=30"},"modified":"2021-12-08T15:05:26","modified_gmt":"2021-12-08T14:05:26","slug":"politica-de-cookies","status":"publish","type":"page","link":"https:\/\/francokessler.com\/en\/politica-de-cookies\/","title":{"rendered":"Cookie Policy"},"content":{"rendered":"<div data-elementor-type=\"wp-page\" data-elementor-id=\"30\" class=\"elementor elementor-30\" data-elementor-post-type=\"page\">\n\t\t\t\t\t\t<section data-particle_enable=\"false\" data-particle-mobile-disabled=\"false\" class=\"elementor-section elementor-top-section elementor-element elementor-element-349a457 elementor-section-boxed elementor-section-height-default elementor-section-height-default\" data-id=\"349a457\" data-element_type=\"section\">\n\t\t\t\t\t\t<div class=\"elementor-container elementor-column-gap-default\">\n\t\t\t\t\t<div class=\"elementor-column elementor-col-100 elementor-top-column elementor-element elementor-element-0af5f00\" data-id=\"0af5f00\" data-element_type=\"column\">\n\t\t\t<div class=\"elementor-widget-wrap elementor-element-populated\">\n\t\t\t\t\t\t<div class=\"elementor-element elementor-element-412290f elementor-widget elementor-widget-heading\" data-id=\"412290f\" data-element_type=\"widget\" data-widget_type=\"heading.default\">\n\t\t\t\t<div class=\"elementor-widget-container\">\n\t\t\t\t\t<h2 class=\"elementor-heading-title elementor-size-default\">Cookie Policy<\/h2>\t\t\t\t<\/div>\n\t\t\t\t<\/div>\n\t\t\t\t<div class=\"elementor-element elementor-element-8e1c558 elementor-widget elementor-widget-text-editor\" data-id=\"8e1c558\" data-element_type=\"widget\" data-widget_type=\"text-editor.default\">\n\t\t\t\t<div class=\"elementor-widget-container\">\n\t\t\t\t\t\t\t\t\t<p>On this website, I collect and use information as indicated in my privacy policy. One of the ways I collect information is through the use of technology called &quot;cookies.&quot; At Franco Kessler, cookies are used for several purposes.<\/p>\t\t\t\t\t\t\t\t<\/div>\n\t\t\t\t<\/div>\n\t\t\t\t<div class=\"elementor-element elementor-element-d323303 elementor-widget elementor-widget-heading\" data-id=\"d323303\" data-element_type=\"widget\" data-widget_type=\"heading.default\">\n\t\t\t\t<div class=\"elementor-widget-container\">\n\t\t\t\t\t<h2 class=\"elementor-heading-title elementor-size-default\">What is a cookie?<\/h2>\t\t\t\t<\/div>\n\t\t\t\t<\/div>\n\t\t\t\t<div class=\"elementor-element elementor-element-f312695 elementor-widget elementor-widget-text-editor\" data-id=\"f312695\" data-element_type=\"widget\" data-widget_type=\"text-editor.default\">\n\t\t\t\t<div class=\"elementor-widget-container\">\n\t\t\t\t\t\t\t\t\t<p>A \u201ccookie\u201d is a small amount of text that is stored in your browser (such as Google Chrome or Apple Safari) when you browse most websites.<\/p>\t\t\t\t\t\t\t\t<\/div>\n\t\t\t\t<\/div>\n\t\t\t\t<div class=\"elementor-element elementor-element-4f62a4d elementor-widget elementor-widget-heading\" data-id=\"4f62a4d\" data-element_type=\"widget\" data-widget_type=\"heading.default\">\n\t\t\t\t<div class=\"elementor-widget-container\">\n\t\t\t\t\t<h2 class=\"elementor-heading-title elementor-size-default\">What is NOT a cookie?<\/h2>\t\t\t\t<\/div>\n\t\t\t\t<\/div>\n\t\t\t\t<div class=\"elementor-element elementor-element-e5aea2b elementor-widget elementor-widget-text-editor\" data-id=\"e5aea2b\" data-element_type=\"widget\" data-widget_type=\"text-editor.default\">\n\t\t\t\t<div class=\"elementor-widget-container\">\n\t\t\t\t\t\t\t\t\t<p>Cookies do not usually store sensitive information about you, such as credit card or bank details, photographs or personal information, etc. The data they do store is of a technical nature, statistical, personal preferences, content customization, etc.<\/p><p>The web server doesn&#039;t associate you as a person, but rather with your web browser. In fact, if you normally browse with Chrome and try browsing the same website with Firefox, you&#039;ll see that the website doesn&#039;t realize you&#039;re the same person because it&#039;s actually associating the information with the browser, not the person.<\/p>\t\t\t\t\t\t\t\t<\/div>\n\t\t\t\t<\/div>\n\t\t\t\t<div class=\"elementor-element elementor-element-11d1577 elementor-widget elementor-widget-heading\" data-id=\"11d1577\" data-element_type=\"widget\" data-widget_type=\"heading.default\">\n\t\t\t\t<div class=\"elementor-widget-container\">\n\t\t\t\t\t<h2 class=\"elementor-heading-title elementor-size-default\">What types of cookies exist?<\/h2>\t\t\t\t<\/div>\n\t\t\t\t<\/div>\n\t\t\t\t<div class=\"elementor-element elementor-element-15e76fc elementor-widget elementor-widget-text-editor\" data-id=\"15e76fc\" data-element_type=\"widget\" data-widget_type=\"text-editor.default\">\n\t\t\t\t<div class=\"elementor-widget-container\">\n\t\t\t\t\t\t\t\t\t<ul><li><b>Technical cookies:<\/b>\u00a0These are the most basic and allow, among other things, to know when a human or an automated application is browsing, when an anonymous user is browsing and when a registered user is browsing\u2014basic tasks for the functioning of any dynamic website.<\/li><li><b>Analysis cookies:<\/b>\u00a0They collect information about the type of browsing you are doing, the sections you use most, products viewed, time zone of use, language, etc.<\/li><li><b>Advertising cookies:<\/b>\u00a0They show advertising based on your browsing, your country of origin, language, etc.<\/li><\/ul>\t\t\t\t\t\t\t\t<\/div>\n\t\t\t\t<\/div>\n\t\t\t\t<div class=\"elementor-element elementor-element-fce999f elementor-widget elementor-widget-heading\" data-id=\"fce999f\" data-element_type=\"widget\" data-widget_type=\"heading.default\">\n\t\t\t\t<div class=\"elementor-widget-container\">\n\t\t\t\t\t<h2 class=\"elementor-heading-title elementor-size-default\">What are first-party and third-party cookies?<\/h2>\t\t\t\t<\/div>\n\t\t\t\t<\/div>\n\t\t\t\t<div class=\"elementor-element elementor-element-de31106 elementor-widget elementor-widget-text-editor\" data-id=\"de31106\" data-element_type=\"widget\" data-widget_type=\"text-editor.default\">\n\t\t\t\t<div class=\"elementor-widget-container\">\n\t\t\t\t\t\t\t\t\t<p>First-party cookies are those generated by the page you are visiting, and third-party cookies are those generated by external services or providers such as Mailchimp, Mailrelay, Facebook, Twitter, Google Adsense, etc.<\/p>\t\t\t\t\t\t\t\t<\/div>\n\t\t\t\t<\/div>\n\t\t\t\t<div class=\"elementor-element elementor-element-191aba7 elementor-widget elementor-widget-heading\" data-id=\"191aba7\" data-element_type=\"widget\" data-widget_type=\"heading.default\">\n\t\t\t\t<div class=\"elementor-widget-container\">\n\t\t\t\t\t<h2 class=\"elementor-heading-title elementor-size-default\">What cookies does this website use?<\/h2>\t\t\t\t<\/div>\n\t\t\t\t<\/div>\n\t\t\t\t<div class=\"elementor-element elementor-element-c5d90c0 elementor-widget elementor-widget-text-editor\" data-id=\"c5d90c0\" data-element_type=\"widget\" data-widget_type=\"text-editor.default\">\n\t\t\t\t<div class=\"elementor-widget-container\">\n\t\t\t\t\t\t\t\t\t<p>This website uses its own and third-party cookies. The following cookies are used on this website:<\/p>\t\t\t\t\t\t\t\t<\/div>\n\t\t\t\t<\/div>\n\t\t\t\t<div class=\"elementor-element elementor-element-cc8f962 elementor-widget elementor-widget-heading\" data-id=\"cc8f962\" data-element_type=\"widget\" data-widget_type=\"heading.default\">\n\t\t\t\t<div class=\"elementor-widget-container\">\n\t\t\t\t\t<h2 class=\"elementor-heading-title elementor-size-default\">Own cookies:<\/h2>\t\t\t\t<\/div>\n\t\t\t\t<\/div>\n\t\t\t\t<div class=\"elementor-element elementor-element-510d88b elementor-widget elementor-widget-text-editor\" data-id=\"510d88b\" data-element_type=\"widget\" data-widget_type=\"text-editor.default\">\n\t\t\t\t<div class=\"elementor-widget-container\">\n\t\t\t\t\t\t\t\t\t<p><b>Login:<\/b>\u00a0Login cookies allow you to log in and out of your Franco Kessler account.<\/p><p><b>Personalization:<\/b>\u00a0Cookies help me remember which people or websites you&#039;ve interacted with so I can show you related content.<\/p><p><b>Preferences:<\/b>\u00a0Cookies allow me to remember your settings and preferences, such as your preferred language and privacy settings.<\/p><p><b>Security:<\/b>\u00a0I use cookies to prevent security risks. Primarily to detect when someone is trying to hack your Franco Kessler account.<\/p>\t\t\t\t\t\t\t\t<\/div>\n\t\t\t\t<\/div>\n\t\t\t\t<div class=\"elementor-element elementor-element-9b77a80 elementor-widget elementor-widget-heading\" data-id=\"9b77a80\" data-element_type=\"widget\" data-widget_type=\"heading.default\">\n\t\t\t\t<div class=\"elementor-widget-container\">\n\t\t\t\t\t<h2 class=\"elementor-heading-title elementor-size-default\">Third-party cookies<\/h2>\t\t\t\t<\/div>\n\t\t\t\t<\/div>\n\t\t\t\t<div class=\"elementor-element elementor-element-6f2df74 elementor-widget elementor-widget-text-editor\" data-id=\"6f2df74\" data-element_type=\"widget\" data-widget_type=\"text-editor.default\">\n\t\t\t\t<div class=\"elementor-widget-container\">\n\t\t\t\t\t\t\t\t\t<p>This website uses analytics services, specifically Google Analytics, to help the website analyze how users use the website and improve its usability. However, these services are never associated with data that could identify the user. Google Analytics is a web analytics service provided by Google, Inc. The user can consult\u00a0<a href=\"https:\/\/www.google.es\/intl\/es\/policies\/technologies\/types\/\" target=\"_blank\" rel=\"noopener\">here<\/a>\u00a0the type of cookies used by Google.<\/p><p>Franco Kessler is a user of the blog hosting and supply platform\u00a0<b>WordPress<\/b>, owned by the American company Automattic, Inc. For these purposes, the use of such cookies by the systems is never under the control or management of the person responsible for the website, they can change their function at any time, and enter new cookies. These cookies also do not report any benefit to the person responsible for this website. Automattic, Inc., also uses other cookies in order to help identify and track visitors to the websites of\u00a0<b>WordPress<\/b>, know how you use the Automattic website, as well as your access preferences, as described in the &quot;Cookies&quot; section of its privacy policy.<\/p><p>Social media cookies may be stored on your browser while you are browsing https:\/\/francokessler.com, for example, when you use the button to share content from https:\/\/francokessler.com on a social network.<br \/>Below you will find information about the social media cookies used by this website in their own cookie policies:<\/p><ul><li>Facebook cookies, see more information on your\u00a0<a href=\"https:\/\/www.facebook.com\/policies\/cookies\/\" target=\"_blank\" rel=\"noopener\">cookie policy<\/a><\/li><li>Instagram cookies, see more information on their\u00a0<a href=\"https:\/\/www.facebook.com\/policies\/cookies\/\" target=\"_blank\" rel=\"noopener\">cookie policy<\/a><\/li><li>Google+ cookies, see more information in your\u00a0<a href=\"http:\/\/www.google.com\/intl\/es\/policies\/technologies\/types\/\" target=\"_blank\" rel=\"noopener\">cookie policy<\/a><\/li><li>Linkedin cookies, see more information on your\u00a0<a href=\"https:\/\/www.linkedin.com\/legal\/cookie-policy?trk=hp-cookies\" target=\"_blank\" rel=\"noopener\">cookie policy<\/a><\/li><li>Youtube cookies, see more information in your\u00a0<a href=\"http:\/\/www.google.com\/intl\/es\/policies\/technologies\/types\/\" target=\"_blank\" rel=\"noopener\">cookie policy<\/a><\/li><li>iVoox cookies, see more information in your\u00a0<a href=\"https:\/\/app.innoit.net\/lopd\/null\" target=\"_blank\" rel=\"noopener\">cookie policy<\/a><\/li><\/ul><div>\u00a0<\/div><p>I have my own affiliate program through the application developed on WordPress\u00a0<b>WP Affiliate<\/b>We use browser cookies to track sales originating from other websites for affiliate marketing of our products.<\/p><p>These cookies allow me to detect the origin of sales from my affiliate program.<\/p>\t\t\t\t\t\t\t\t<\/div>\n\t\t\t\t<\/div>\n\t\t\t\t<div class=\"elementor-element elementor-element-59c58d5 elementor-widget elementor-widget-heading\" data-id=\"59c58d5\" data-element_type=\"widget\" data-widget_type=\"heading.default\">\n\t\t\t\t<div class=\"elementor-widget-container\">\n\t\t\t\t\t<h2 class=\"elementor-heading-title elementor-size-default\">Can cookies be deleted?<\/h2>\t\t\t\t<\/div>\n\t\t\t\t<\/div>\n\t\t\t\t<div class=\"elementor-element elementor-element-43d956e elementor-widget elementor-widget-text-editor\" data-id=\"43d956e\" data-element_type=\"widget\" data-widget_type=\"text-editor.default\">\n\t\t\t\t<div class=\"elementor-widget-container\">\n\t\t\t\t\t\t\t\t\t<p>Yes, and not just delete, but also block, either generally or specifically for a specific domain.<br \/>To delete cookies from a website, go to your browser&#039;s settings. There you can search for the cookies associated with the domain in question and delete them.<\/p><ul><li>Cookie settings for\u00a0<a href=\"http:\/\/support.google.com\/chrome\/bin\/answer.py?hl=es&amp;answer=95647\" target=\"_blank\" rel=\"noopener\">Google Chrome<\/a><\/li><li>Cookie settings for\u00a0<a href=\"https:\/\/support.apple.com\/es-es\/HT201265\" target=\"_blank\" rel=\"noopener\">Apple Safari<\/a><\/li><li>Cookie settings for\u00a0<a href=\"https:\/\/support.microsoft.com\/en-us\/help\/17442\/windows-internet-explorer-delete-manage-cookies#ie=ie-10\" target=\"_blank\" rel=\"noopener\">Internet Explorer<\/a><\/li><li>Cookie settings for\u00a0<a href=\"https:\/\/support.mozilla.org\/es\/kb\/habilitar-y-deshabilitar-cookies-sitios-web-rastrear-preferencias?redirectlocale=es&amp;redirectslug=habilitar-y-deshabilitar-cookies-que-los-sitios-we\" target=\"_blank\" rel=\"noopener\">Mozilla Firefox<\/a><\/li><\/ul>\t\t\t\t\t\t\t\t<\/div>\n\t\t\t\t<\/div>\n\t\t\t\t<div class=\"elementor-element elementor-element-02d5883 elementor-widget elementor-widget-heading\" data-id=\"02d5883\" data-element_type=\"widget\" data-widget_type=\"heading.default\">\n\t\t\t\t<div class=\"elementor-widget-container\">\n\t\t\t\t\t<h2 class=\"elementor-heading-title elementor-size-default\">More information about cookies<\/h2>\t\t\t\t<\/div>\n\t\t\t\t<\/div>\n\t\t\t\t<div class=\"elementor-element elementor-element-c82bf11 elementor-widget elementor-widget-text-editor\" data-id=\"c82bf11\" data-element_type=\"widget\" data-widget_type=\"text-editor.default\">\n\t\t\t\t<div class=\"elementor-widget-container\">\n\t\t\t\t\t\t\t\t\t<p>\u00a0<\/p><main class=\"site-main post-1348 page type-page status-publish hentry\" role=\"main\"><p>\u00a0<\/p><div class=\"page-content\"><div class=\"elementor elementor-1348\" data-elementor-type=\"wp-page\" data-elementor-id=\"1348\" data-elementor-settings=\"[]\"><div class=\"elementor-inner\"><div class=\"elementor-section-wrap\"><section class=\"elementor-section elementor-top-section elementor-element elementor-element-2fe820de elementor-section-boxed elementor-section-height-default elementor-section-height-default\" data-id=\"2fe820de\" data-element_type=\"section\"><div class=\"elementor-container elementor-column-gap-default\"><div class=\"elementor-row\"><div class=\"elementor-column elementor-col-100 elementor-top-column elementor-element elementor-element-31b64b06\" data-id=\"31b64b06\" data-element_type=\"column\"><div class=\"elementor-column-wrap elementor-element-populated\"><div class=\"elementor-widget-wrap\"><div class=\"elementor-element elementor-element-303199f elementor-widget elementor-widget-text-editor\" data-id=\"303199f\" data-element_type=\"widget\" data-widget_type=\"text-editor.default\"><div class=\"elementor-widget-container\"><div class=\"elementor-text-editor elementor-clearfix\"><div class=\"entry-content\"><p>You can consult the cookie regulations published by the Spanish Data Protection Agency in its \u201cGuide on the use of cookies\u201d and obtain more information about cookies on the Internet,\u00a0<a href=\"http:\/\/www.aboutcookies.org\/\" target=\"_blank\" rel=\"noopener\">http:\/\/www.aboutcookies.org\/<\/a><\/p><p>If you want more control over the installation of cookies, you can install programs or add-ons to your browser, known as &quot;Do Not Track&quot; tools, which will allow you to choose which cookies you want to allow.<\/p><p>This cookie policy was last updated on 08-12-2021.<\/p><\/div><\/div><\/div><\/div><div class=\"elementor-element elementor-element-699123bf elementor-widget elementor-widget-text-editor\" data-id=\"699123bf\" data-element_type=\"widget\" data-widget_type=\"text-editor.default\"><div class=\"elementor-widget-container\"><div class=\"elementor-text-editor elementor-clearfix\"><div id=\"wp-block-themeisle-blocks-advanced-columns-a14d285f\" class=\"wp-block-themeisle-blocks-advanced-columns has-undefined-columns has-desktop-undefined-layout has-tablet-equal-layout has-mobile-equal-layout has-default-gap has-vertical-unset\"><div class=\"wp-block-themeisle-blocks-advanced-columns-overlay\">\u00a0<\/div><div class=\"innerblocks-wrap\">\u00a0<\/div><\/div><\/div><\/div><\/div><\/div><\/div><\/div><\/div><\/div><\/section><\/div><\/div><\/div><div class=\"post-tags\">\u00a0<\/div><\/div><section id=\"comments\" class=\"comments-area\"><\/section><p>\u00a0<\/p><\/main><p>\u00a0<\/p><div class=\"elementor elementor-4778 elementor-location-footer\" data-elementor-type=\"footer\" data-elementor-id=\"4778\" data-elementor-settings=\"[]\"><div class=\"elementor-section-wrap\"><section class=\"elementor-section elementor-top-section elementor-element elementor-element-6341efe elementor-section-boxed elementor-section-height-default elementor-section-height-default\" data-id=\"6341efe\" data-element_type=\"section\" data-settings=\"{&quot;background_background&quot;:&quot;classic&quot;}\"><div class=\"elementor-container elementor-column-gap-default\"><div class=\"elementor-row\"><div class=\"elementor-column elementor-col-100 elementor-top-column elementor-element elementor-element-183f13c\" data-id=\"183f13c\" data-element_type=\"column\"><div class=\"elementor-column-wrap elementor-element-populated\"><div class=\"elementor-widget-wrap\"><div class=\"elementor-element elementor-element-ce00c45 elementor-widget elementor-widget-image\" data-id=\"ce00c45\" data-element_type=\"widget\" data-widget_type=\"image.default\"><div class=\"elementor-widget-container\">\u00a0<\/div><\/div><\/div><\/div><\/div><\/div><\/div><\/section><\/div><\/div>\t\t\t\t\t\t\t\t<\/div>\n\t\t\t\t<\/div>\n\t\t\t\t\t<\/div>\n\t\t<\/div>\n\t\t\t\t\t<\/div>\n\t\t<\/section>\n\t\t\t\t<\/div>","protected":false},"excerpt":{"rendered":"<p>Pol\u00edtica de cookies En esta web recopilo y utilizo la informaci\u00f3n seg\u00fan indico en mi pol\u00edtica de privacidad. Una de las formas en las que recopil\u00f3 informaci\u00f3n es a trav\u00e9s del uso de la tecnolog\u00eda llamada \u201ccookies\u201d. En Franco Kessler , se utilizan cookies para varias cosas. \u00bfQu\u00e9 es una cookie? Una \u201ccookie\u201d es una [&hellip;]<\/p>","protected":false},"author":1,"featured_media":0,"parent":0,"menu_order":0,"comment_status":"closed","ping_status":"closed","template":"elementor_header_footer","meta":{"footnotes":""},"class_list":["post-30","page","type-page","status-publish","hentry"],"yoast_head":"<!-- This site is optimized with the Yoast SEO Premium plugin v20.7 (Yoast SEO v25.0) - https:\/\/yoast.com\/wordpress\/plugins\/seo\/ -->\n<title>Pol\u00edtica de cookies - Franco Kessler<\/title>\n<meta name=\"robots\" content=\"index, follow, max-snippet:-1, max-image-preview:large, max-video-preview:-1\" \/>\n<link rel=\"canonical\" href=\"https:\/\/francokessler.com\/en\/politica-de-cookies\/\" \/>\n<meta property=\"og:locale\" content=\"en_US\" \/>\n<meta property=\"og:type\" content=\"article\" \/>\n<meta property=\"og:title\" content=\"Pol\u00edtica de cookies\" \/>\n<meta property=\"og:description\" content=\"Pol\u00edtica de cookies En esta web recopilo y utilizo la informaci\u00f3n seg\u00fan indico en mi pol\u00edtica de privacidad. Una de las formas en las que recopil\u00f3 informaci\u00f3n es a trav\u00e9s del uso de la tecnolog\u00eda llamada \u201ccookies\u201d. En Franco Kessler , se utilizan cookies para varias cosas. \u00bfQu\u00e9 es una cookie? Una \u201ccookie\u201d es una [&hellip;]\" \/>\n<meta property=\"og:url\" content=\"https:\/\/francokessler.com\/en\/politica-de-cookies\/\" \/>\n<meta property=\"og:site_name\" content=\"Franco Kessler\" \/>\n<meta property=\"article:modified_time\" content=\"2021-12-08T14:05:26+00:00\" \/>\n<meta name=\"twitter:card\" content=\"summary_large_image\" \/>\n<meta name=\"twitter:label1\" content=\"Est. reading time\" \/>\n\t<meta name=\"twitter:data1\" content=\"5 minutes\" \/>\n<script type=\"application\/ld+json\" class=\"yoast-schema-graph\">{\"@context\":\"https:\/\/schema.org\",\"@graph\":[{\"@type\":\"WebPage\",\"@id\":\"https:\/\/francokessler.com\/politica-de-cookies\/\",\"url\":\"https:\/\/francokessler.com\/politica-de-cookies\/\",\"name\":\"Pol\u00edtica de cookies - Franco Kessler\",\"isPartOf\":{\"@id\":\"https:\/\/francokessler.com\/#website\"},\"datePublished\":\"2021-12-08T12:18:52+00:00\",\"dateModified\":\"2021-12-08T14:05:26+00:00\",\"breadcrumb\":{\"@id\":\"https:\/\/francokessler.com\/politica-de-cookies\/#breadcrumb\"},\"inLanguage\":\"en-US\",\"potentialAction\":[{\"@type\":\"ReadAction\",\"target\":[\"https:\/\/francokessler.com\/politica-de-cookies\/\"]}]},{\"@type\":\"BreadcrumbList\",\"@id\":\"https:\/\/francokessler.com\/politica-de-cookies\/#breadcrumb\",\"itemListElement\":[{\"@type\":\"ListItem\",\"position\":1,\"name\":\"Portada\",\"item\":\"https:\/\/francokessler.com\/\"},{\"@type\":\"ListItem\",\"position\":2,\"name\":\"Pol\u00edtica de cookies\"}]},{\"@type\":\"WebSite\",\"@id\":\"https:\/\/francokessler.com\/#website\",\"url\":\"https:\/\/francokessler.com\/\",\"name\":\"Franco Kessler\",\"description\":\"Terapias integrativas para el bienestar emocional\",\"publisher\":{\"@id\":\"https:\/\/francokessler.com\/#organization\"},\"potentialAction\":[{\"@type\":\"SearchAction\",\"target\":{\"@type\":\"EntryPoint\",\"urlTemplate\":\"https:\/\/francokessler.com\/?s={search_term_string}\"},\"query-input\":{\"@type\":\"PropertyValueSpecification\",\"valueRequired\":true,\"valueName\":\"search_term_string\"}}],\"inLanguage\":\"en-US\"},{\"@type\":\"Organization\",\"@id\":\"https:\/\/francokessler.com\/#organization\",\"name\":\"Franco Kessler\",\"url\":\"https:\/\/francokessler.com\/\",\"logo\":{\"@type\":\"ImageObject\",\"inLanguage\":\"en-US\",\"@id\":\"https:\/\/francokessler.com\/#\/schema\/logo\/image\/\",\"url\":\"https:\/\/i0.wp.com\/francokessler.com\/wp-content\/uploads\/2022\/01\/Franco-kessler-azul-e1643189358944.jpg?fit=875%2C237&ssl=1\",\"contentUrl\":\"https:\/\/i0.wp.com\/francokessler.com\/wp-content\/uploads\/2022\/01\/Franco-kessler-azul-e1643189358944.jpg?fit=875%2C237&ssl=1\",\"width\":875,\"height\":237,\"caption\":\"Franco Kessler\"},\"image\":{\"@id\":\"https:\/\/francokessler.com\/#\/schema\/logo\/image\/\"}}]}<\/script>\n<!-- \/ Yoast SEO Premium plugin. -->","yoast_head_json":{"title":"Pol\u00edtica de cookies - Franco Kessler","robots":{"index":"index","follow":"follow","max-snippet":"max-snippet:-1","max-image-preview":"max-image-preview:large","max-video-preview":"max-video-preview:-1"},"canonical":"https:\/\/francokessler.com\/en\/politica-de-cookies\/","og_locale":"en_US","og_type":"article","og_title":"Pol\u00edtica de cookies","og_description":"Pol\u00edtica de cookies En esta web recopilo y utilizo la informaci\u00f3n seg\u00fan indico en mi pol\u00edtica de privacidad. Una de las formas en las que recopil\u00f3 informaci\u00f3n es a trav\u00e9s del uso de la tecnolog\u00eda llamada \u201ccookies\u201d. En Franco Kessler , se utilizan cookies para varias cosas. \u00bfQu\u00e9 es una cookie? Una \u201ccookie\u201d es una [&hellip;]","og_url":"https:\/\/francokessler.com\/en\/politica-de-cookies\/","og_site_name":"Franco Kessler","article_modified_time":"2021-12-08T14:05:26+00:00","twitter_card":"summary_large_image","twitter_misc":{"Est. reading time":"5 minutes"},"schema":{"@context":"https:\/\/schema.org","@graph":[{"@type":"WebPage","@id":"https:\/\/francokessler.com\/politica-de-cookies\/","url":"https:\/\/francokessler.com\/politica-de-cookies\/","name":"Pol\u00edtica de cookies - Franco Kessler","isPartOf":{"@id":"https:\/\/francokessler.com\/#website"},"datePublished":"2021-12-08T12:18:52+00:00","dateModified":"2021-12-08T14:05:26+00:00","breadcrumb":{"@id":"https:\/\/francokessler.com\/politica-de-cookies\/#breadcrumb"},"inLanguage":"en-US","potentialAction":[{"@type":"ReadAction","target":["https:\/\/francokessler.com\/politica-de-cookies\/"]}]},{"@type":"BreadcrumbList","@id":"https:\/\/francokessler.com\/politica-de-cookies\/#breadcrumb","itemListElement":[{"@type":"ListItem","position":1,"name":"Portada","item":"https:\/\/francokessler.com\/"},{"@type":"ListItem","position":2,"name":"Pol\u00edtica de cookies"}]},{"@type":"WebSite","@id":"https:\/\/francokessler.com\/#website","url":"https:\/\/francokessler.com\/","name":"Franco Kessler","description":"Terapias integrativas para el bienestar emocional","publisher":{"@id":"https:\/\/francokessler.com\/#organization"},"potentialAction":[{"@type":"SearchAction","target":{"@type":"EntryPoint","urlTemplate":"https:\/\/francokessler.com\/?s={search_term_string}"},"query-input":{"@type":"PropertyValueSpecification","valueRequired":true,"valueName":"search_term_string"}}],"inLanguage":"en-US"},{"@type":"Organization","@id":"https:\/\/francokessler.com\/#organization","name":"Franco Kessler","url":"https:\/\/francokessler.com\/","logo":{"@type":"ImageObject","inLanguage":"en-US","@id":"https:\/\/francokessler.com\/#\/schema\/logo\/image\/","url":"https:\/\/i0.wp.com\/francokessler.com\/wp-content\/uploads\/2022\/01\/Franco-kessler-azul-e1643189358944.jpg?fit=875%2C237&ssl=1","contentUrl":"https:\/\/i0.wp.com\/francokessler.com\/wp-content\/uploads\/2022\/01\/Franco-kessler-azul-e1643189358944.jpg?fit=875%2C237&ssl=1","width":875,"height":237,"caption":"Franco Kessler"},"image":{"@id":"https:\/\/francokessler.com\/#\/schema\/logo\/image\/"}}]}},"jetpack_sharing_enabled":true,"_links":{"self":[{"href":"https:\/\/francokessler.com\/en\/wp-json\/wp\/v2\/pages\/30","targetHints":{"allow":["GET"]}}],"collection":[{"href":"https:\/\/francokessler.com\/en\/wp-json\/wp\/v2\/pages"}],"about":[{"href":"https:\/\/francokessler.com\/en\/wp-json\/wp\/v2\/types\/page"}],"author":[{"embeddable":true,"href":"https:\/\/francokessler.com\/en\/wp-json\/wp\/v2\/users\/1"}],"replies":[{"embeddable":true,"href":"https:\/\/francokessler.com\/en\/wp-json\/wp\/v2\/comments?post=30"}],"version-history":[{"count":0,"href":"https:\/\/francokessler.com\/en\/wp-json\/wp\/v2\/pages\/30\/revisions"}],"wp:attachment":[{"href":"https:\/\/francokessler.com\/en\/wp-json\/wp\/v2\/media?parent=30"}],"curies":[{"name":"wp","href":"https:\/\/api.w.org\/{rel}","templated":true}]}}